{"id":50,"date":"2020-03-08T17:39:21","date_gmt":"2020-03-08T17:39:21","guid":{"rendered":"https:\/\/psychotherapie-tadeja.at\/?page_id=50"},"modified":"2026-03-13T07:41:49","modified_gmt":"2026-03-13T07:41:49","slug":"test","status":"publish","type":"page","link":"https:\/\/psychotherapie-tadeja.at\/?page_id=50","title":{"rendered":"Angebot"},"content":{"rendered":"\n<p class=\"has-medium-font-size\"><strong>Ich biete Therapie in folgenden Sprachen an:<\/strong><\/p>\n\n\n\n<ul class=\"wp-block-list\">\n<li>Deutsch<\/li>\n\n\n\n<li>Slowenisch <\/li>\n\n\n\n<li>Spanisch <\/li>\n\n\n\n<li>Englisch <\/li>\n\n\n\n<li>Bosnisch\/ Kroatisch\/ Serbisch <\/li>\n\n\n\n<li>Grundkenntnisse in Russisch und Ungarisch<\/li>\n<\/ul>\n\n\n\n<p class=\"has-medium-font-size\"><strong>Die Schwerpunkte meines Angebotes:<\/strong><\/p>\n\n\n\n<ul class=\"wp-block-list\">\n<li>Psychosomatik \u2013 k\u00f6rperliche Symptome, die scheinbar keine Ursache haben, k\u00f6nnen in der Psyche begr\u00fcndet sein (z.B. unerkl\u00e4rliche Bauschmerzen in belastenden Situationen)<\/li>\n\n\n\n<li>Traumatherapie &#8211; Traumata und ihre Folgen bew\u00e4ltigen<\/li>\n\n\n\n<li>Beziehungsthemen \u2013 Wege aus toxischen Beziehungsmustern in Partner-, Eltern- oder Arbeitsbeziehungen oder im Umgang mit sich selbst <\/li>\n\n\n\n<li>Identit\u00e4tskrisen \u2013 Wege aus Manipulation und Burn out hin zu Selbstbewusstsein und Souver\u00e4nit\u00e4t<\/li>\n\n\n\n<li>Bew\u00e4ltigung von Lebenskrisen und Umgang mit Tod und Sterben \u2013 wie weiterleben nach schweren Schicksalsschl\u00e4gen<\/li>\n\n\n\n<li>Pers\u00f6nlichkeitsentwicklung und ressourcenorientierte Therapie\u2013 so wie eine Blume sich \u00f6ffnet, kann auch der Mensch zu seinem vollen Potential und voller Sch\u00f6nheit erbl\u00fchen<\/li>\n<\/ul>\n\n\n\n<p><\/p>\n\n\n\n<p class=\"has-medium-font-size\"><strong>Dauer der Therapie und Kosten<\/strong><\/p>\n\n\n\n<p>Um einen Therapieerfolg zu gew\u00e4hrleisten, ist es empfehlenswert die Therapie in regelm\u00e4\u00dfigen w\u00f6chentlichen Intervallen statt.<\/p>\n\n\n\n<p>Eine Therapieeinheit (TE) dauert in der Regel 50 Minuten und wird von der \u00d6GK mit \u20ac 28 pro TE verg\u00fctet.<\/p>\n\n\n\n<figure class=\"wp-block-table\"><table><tbody><tr><td> Psychotherapie <\/td><td>1 TE \/ 50 min<\/td><td>\u20ac 110   <\/td><\/tr><tr><td>Erstgespr\u00e4ch mit Erstanamnese<\/td><td>1,5 TE \/ 75 min<\/td><td>\u20ac 165<\/td><\/tr><tr><td> Paartherapie<\/td><td>2 TE  \/ 100 min<\/td><td>\u20ac 220     <\/td><\/tr><tr><td> K\u00f6rpertherapie <\/td><td>1 TE \/ 50 min<\/td><td>\u20ac 110  <\/td><\/tr><tr><td> K\u00f6rper- und leiborientierte Erstanamnese<\/td><td>1,5 TE \/ 75 min<\/td><td>\u20ac 165\u00a0<\/td><\/tr><tr><td>Lehrtherapie und Supervision<\/td><td>1 E ab 50 min<\/td><td>\u20ac 110<\/td><\/tr><\/tbody><\/table><\/figure>\n\n\n\n<p>Kosten f\u00fcr Seminare und Workshops variieren je nach Angebot und werden gesondert angegeben.&nbsp;&nbsp;&nbsp;&nbsp;&nbsp;&nbsp;    <\/p>\n","protected":false},"excerpt":{"rendered":"<p>Ich biete Therapie in folgenden Sprachen an: Die Schwerpunkte meines Angebotes: Dauer der Therapie und Kosten Um einen Therapieerfolg zu gew\u00e4hrleisten, ist es empfehlenswert die Therapie in regelm\u00e4\u00dfigen w\u00f6chentlichen Intervallen statt. Eine Therapieeinheit (TE) dauert in der Regel 50 Minuten und wird von der \u00d6GK mit \u20ac 28 pro TE verg\u00fctet. Psychotherapie 1 TE \/ &hellip; <\/p>\n<p class=\"link-more\"><a href=\"https:\/\/psychotherapie-tadeja.at\/?page_id=50\" class=\"more-link\"><span class=\"screen-reader-text\">\u201eAngebot\u201c <\/span>weiterlesen<\/a><\/p>\n","protected":false},"author":1,"featured_media":0,"parent":0,"menu_order":0,"comment_status":"closed","ping_status":"closed","template":"","meta":{"footnotes":""},"class_list":["post-50","page","type-page","status-publish","hentry"],"yoast_head":"<!-- This site is optimized with the Yoast SEO plugin v27.2 - https:\/\/yoast.com\/product\/yoast-seo-wordpress\/ -->\n<title>Angebot - Tadeja Lackner-Naberznik<\/title>\n<meta name=\"robots\" content=\"index, follow, max-snippet:-1, max-image-preview:large, max-video-preview:-1\" \/>\n<link rel=\"canonical\" href=\"https:\/\/psychotherapie-tadeja.at\/?page_id=50\" \/>\n<meta property=\"og:locale\" content=\"de_DE\" \/>\n<meta property=\"og:type\" content=\"article\" \/>\n<meta property=\"og:title\" content=\"Angebot - Tadeja Lackner-Naberznik\" \/>\n<meta property=\"og:description\" content=\"Ich biete Therapie in folgenden Sprachen an: Die Schwerpunkte meines Angebotes: Dauer der Therapie und Kosten Um einen Therapieerfolg zu gew\u00e4hrleisten, ist es empfehlenswert die Therapie in regelm\u00e4\u00dfigen w\u00f6chentlichen Intervallen statt. Eine Therapieeinheit (TE) dauert in der Regel 50 Minuten und wird von der \u00d6GK mit \u20ac 28 pro TE verg\u00fctet. Psychotherapie 1 TE \/ &hellip; \u201eAngebot\u201c weiterlesen\" \/>\n<meta property=\"og:url\" content=\"https:\/\/psychotherapie-tadeja.at\/?page_id=50\" \/>\n<meta property=\"og:site_name\" content=\"Tadeja Lackner-Naberznik\" \/>\n<meta property=\"article:modified_time\" content=\"2026-03-13T07:41:49+00:00\" \/>\n<meta name=\"twitter:card\" content=\"summary_large_image\" \/>\n<meta name=\"twitter:label1\" content=\"Gesch\u00e4tzte Lesezeit\" \/>\n\t<meta name=\"twitter:data1\" content=\"2\u00a0Minuten\" \/>\n<script type=\"application\/ld+json\" class=\"yoast-schema-graph\">{\"@context\":\"https:\/\/schema.org\",\"@graph\":[{\"@type\":\"WebPage\",\"@id\":\"https:\/\/psychotherapie-tadeja.at\/?page_id=50\",\"url\":\"https:\/\/psychotherapie-tadeja.at\/?page_id=50\",\"name\":\"Angebot - Tadeja Lackner-Naberznik\",\"isPartOf\":{\"@id\":\"https:\/\/psychotherapie-tadeja.at\/#website\"},\"datePublished\":\"2020-03-08T17:39:21+00:00\",\"dateModified\":\"2026-03-13T07:41:49+00:00\",\"breadcrumb\":{\"@id\":\"https:\/\/psychotherapie-tadeja.at\/?page_id=50#breadcrumb\"},\"inLanguage\":\"de\",\"potentialAction\":[{\"@type\":\"ReadAction\",\"target\":[\"https:\/\/psychotherapie-tadeja.at\/?page_id=50\"]}]},{\"@type\":\"BreadcrumbList\",\"@id\":\"https:\/\/psychotherapie-tadeja.at\/?page_id=50#breadcrumb\",\"itemListElement\":[{\"@type\":\"ListItem\",\"position\":1,\"name\":\"Home\",\"item\":\"https:\/\/psychotherapie-tadeja.at\/\"},{\"@type\":\"ListItem\",\"position\":2,\"name\":\"Angebot\"}]},{\"@type\":\"WebSite\",\"@id\":\"https:\/\/psychotherapie-tadeja.at\/#website\",\"url\":\"https:\/\/psychotherapie-tadeja.at\/\",\"name\":\"Tadeja Lackner-Naberznik\",\"description\":\"Psychotherapie und K\u00f6rpertherapie\",\"potentialAction\":[{\"@type\":\"SearchAction\",\"target\":{\"@type\":\"EntryPoint\",\"urlTemplate\":\"https:\/\/psychotherapie-tadeja.at\/?s={search_term_string}\"},\"query-input\":{\"@type\":\"PropertyValueSpecification\",\"valueRequired\":true,\"valueName\":\"search_term_string\"}}],\"inLanguage\":\"de\"}]}<\/script>\n<!-- \/ Yoast SEO plugin. -->","yoast_head_json":{"title":"Angebot - Tadeja Lackner-Naberznik","robots":{"index":"index","follow":"follow","max-snippet":"max-snippet:-1","max-image-preview":"max-image-preview:large","max-video-preview":"max-video-preview:-1"},"canonical":"https:\/\/psychotherapie-tadeja.at\/?page_id=50","og_locale":"de_DE","og_type":"article","og_title":"Angebot - Tadeja Lackner-Naberznik","og_description":"Ich biete Therapie in folgenden Sprachen an: Die Schwerpunkte meines Angebotes: Dauer der Therapie und Kosten Um einen Therapieerfolg zu gew\u00e4hrleisten, ist es empfehlenswert die Therapie in regelm\u00e4\u00dfigen w\u00f6chentlichen Intervallen statt. Eine Therapieeinheit (TE) dauert in der Regel 50 Minuten und wird von der \u00d6GK mit \u20ac 28 pro TE verg\u00fctet. Psychotherapie 1 TE \/ &hellip; \u201eAngebot\u201c weiterlesen","og_url":"https:\/\/psychotherapie-tadeja.at\/?page_id=50","og_site_name":"Tadeja Lackner-Naberznik","article_modified_time":"2026-03-13T07:41:49+00:00","twitter_card":"summary_large_image","twitter_misc":{"Gesch\u00e4tzte Lesezeit":"2\u00a0Minuten"},"schema":{"@context":"https:\/\/schema.org","@graph":[{"@type":"WebPage","@id":"https:\/\/psychotherapie-tadeja.at\/?page_id=50","url":"https:\/\/psychotherapie-tadeja.at\/?page_id=50","name":"Angebot - Tadeja Lackner-Naberznik","isPartOf":{"@id":"https:\/\/psychotherapie-tadeja.at\/#website"},"datePublished":"2020-03-08T17:39:21+00:00","dateModified":"2026-03-13T07:41:49+00:00","breadcrumb":{"@id":"https:\/\/psychotherapie-tadeja.at\/?page_id=50#breadcrumb"},"inLanguage":"de","potentialAction":[{"@type":"ReadAction","target":["https:\/\/psychotherapie-tadeja.at\/?page_id=50"]}]},{"@type":"BreadcrumbList","@id":"https:\/\/psychotherapie-tadeja.at\/?page_id=50#breadcrumb","itemListElement":[{"@type":"ListItem","position":1,"name":"Home","item":"https:\/\/psychotherapie-tadeja.at\/"},{"@type":"ListItem","position":2,"name":"Angebot"}]},{"@type":"WebSite","@id":"https:\/\/psychotherapie-tadeja.at\/#website","url":"https:\/\/psychotherapie-tadeja.at\/","name":"Tadeja Lackner-Naberznik","description":"Psychotherapie und K\u00f6rpertherapie","potentialAction":[{"@type":"SearchAction","target":{"@type":"EntryPoint","urlTemplate":"https:\/\/psychotherapie-tadeja.at\/?s={search_term_string}"},"query-input":{"@type":"PropertyValueSpecification","valueRequired":true,"valueName":"search_term_string"}}],"inLanguage":"de"}]}},"jetpack_sharing_enabled":true,"_links":{"self":[{"href":"https:\/\/psychotherapie-tadeja.at\/index.php?rest_route=\/wp\/v2\/pages\/50","targetHints":{"allow":["GET"]}}],"collection":[{"href":"https:\/\/psychotherapie-tadeja.at\/index.php?rest_route=\/wp\/v2\/pages"}],"about":[{"href":"https:\/\/psychotherapie-tadeja.at\/index.php?rest_route=\/wp\/v2\/types\/page"}],"author":[{"embeddable":true,"href":"https:\/\/psychotherapie-tadeja.at\/index.php?rest_route=\/wp\/v2\/users\/1"}],"replies":[{"embeddable":true,"href":"https:\/\/psychotherapie-tadeja.at\/index.php?rest_route=%2Fwp%2Fv2%2Fcomments&post=50"}],"version-history":[{"count":19,"href":"https:\/\/psychotherapie-tadeja.at\/index.php?rest_route=\/wp\/v2\/pages\/50\/revisions"}],"predecessor-version":[{"id":181,"href":"https:\/\/psychotherapie-tadeja.at\/index.php?rest_route=\/wp\/v2\/pages\/50\/revisions\/181"}],"wp:attachment":[{"href":"https:\/\/psychotherapie-tadeja.at\/index.php?rest_route=%2Fwp%2Fv2%2Fmedia&parent=50"}],"curies":[{"name":"wp","href":"https:\/\/api.w.org\/{rel}","templated":true}]}}