{"id":101,"date":"2020-03-08T21:15:09","date_gmt":"2020-03-08T21:15:09","guid":{"rendered":"https:\/\/psychotherapie-tadeja.at\/?page_id=101"},"modified":"2026-03-13T07:45:44","modified_gmt":"2026-03-13T07:45:44","slug":"seminare","status":"publish","type":"page","link":"https:\/\/psychotherapie-tadeja.at\/?page_id=101","title":{"rendered":"Seminare"},"content":{"rendered":"\n<p><strong>AUS TOXISCHEN VERHALTENSMUSTERN AUSSTEIGEN<\/strong><\/p>\n\n\n\n<p>Sch\u00e4digende, dysfunktionale Verhaltensmuster verankern sich in unserer Psyche und unserem K\u00f6rper und pr\u00e4gen sich unserem Leibged\u00e4chtnis ein.<\/p>\n\n\n\n<p>Im Seminar lernen wir, die Signale des K\u00f6rpers wahrzunehmen und zu verstehen. <\/p>\n\n\n\n<p>\u00dcber den Atem, das Bewusstmachen unserer emotionalen und mentalen Muster und das Wahrnehmen unserer K\u00f6rperspannung k\u00f6nnen toxische Verhaltensmuster anderen und uns selbst gegen\u00fcber aufgel\u00f6st und transformiert werden und so zur Aktivierung unserer Ressourcen sowie zur mehr Souver\u00e4nit\u00e4t, St\u00e4rke und Selbstbewusstheit beitragen.<\/p>\n\n\n\n<p><strong>Wann:<\/strong> derzeit keine Termine<\/p>\n\n\n\n<p><strong>Wo:<\/strong>&nbsp; Wien (genaue Adresse wird bei Anmeldung bekanntgegeben) <\/p>\n\n\n\n<p><strong>Preis<\/strong>: 250 Euro<\/p>\n\n\n\n<p><strong>Anmeldung:<\/strong> &nbsp;<\/p>\n\n\n\n<p>per Mail &#8211; &nbsp;&nbsp;&nbsp; <a href=\"mailto:tadeja@psychotherapie-tadeja.at\">tadeja@psychotherapie-tadeja.at<\/a><\/p>\n\n\n\n<p>oder Tel. &#8211;&nbsp;&nbsp;&nbsp;&nbsp; +43 676 845 929&nbsp;889 <\/p>\n\n\n\n<p>Homepage<strong>:<\/strong>  <a href=\"http:\/\/psychotherapie-tadeja.at\">https:\/\/psychotherapie-tadeja.at<\/a><\/p>\n","protected":false},"excerpt":{"rendered":"<p>AUS TOXISCHEN VERHALTENSMUSTERN AUSSTEIGEN Sch\u00e4digende, dysfunktionale Verhaltensmuster verankern sich in unserer Psyche und unserem K\u00f6rper und pr\u00e4gen sich unserem Leibged\u00e4chtnis ein. Im Seminar lernen wir, die Signale des K\u00f6rpers wahrzunehmen und zu verstehen. \u00dcber den Atem, das Bewusstmachen unserer emotionalen und mentalen Muster und das Wahrnehmen unserer K\u00f6rperspannung k\u00f6nnen toxische Verhaltensmuster anderen und uns selbst &hellip; <\/p>\n<p class=\"link-more\"><a href=\"https:\/\/psychotherapie-tadeja.at\/?page_id=101\" class=\"more-link\"><span class=\"screen-reader-text\">\u201eSeminare\u201c <\/span>weiterlesen<\/a><\/p>\n","protected":false},"author":1,"featured_media":0,"parent":0,"menu_order":0,"comment_status":"closed","ping_status":"closed","template":"","meta":{"footnotes":""},"class_list":["post-101","page","type-page","status-publish","hentry"],"yoast_head":"<!-- This site is optimized with the Yoast SEO plugin v27.2 - https:\/\/yoast.com\/product\/yoast-seo-wordpress\/ -->\n<title>Seminare - Tadeja Lackner-Naberznik<\/title>\n<meta name=\"robots\" content=\"index, follow, max-snippet:-1, max-image-preview:large, max-video-preview:-1\" \/>\n<link rel=\"canonical\" href=\"https:\/\/psychotherapie-tadeja.at\/?page_id=101\" \/>\n<meta property=\"og:locale\" content=\"de_DE\" \/>\n<meta property=\"og:type\" content=\"article\" \/>\n<meta property=\"og:title\" content=\"Seminare - Tadeja Lackner-Naberznik\" \/>\n<meta property=\"og:description\" content=\"AUS TOXISCHEN VERHALTENSMUSTERN AUSSTEIGEN Sch\u00e4digende, dysfunktionale Verhaltensmuster verankern sich in unserer Psyche und unserem K\u00f6rper und pr\u00e4gen sich unserem Leibged\u00e4chtnis ein. Im Seminar lernen wir, die Signale des K\u00f6rpers wahrzunehmen und zu verstehen. \u00dcber den Atem, das Bewusstmachen unserer emotionalen und mentalen Muster und das Wahrnehmen unserer K\u00f6rperspannung k\u00f6nnen toxische Verhaltensmuster anderen und uns selbst &hellip; \u201eSeminare\u201c weiterlesen\" \/>\n<meta property=\"og:url\" content=\"https:\/\/psychotherapie-tadeja.at\/?page_id=101\" \/>\n<meta property=\"og:site_name\" content=\"Tadeja Lackner-Naberznik\" \/>\n<meta property=\"article:modified_time\" content=\"2026-03-13T07:45:44+00:00\" \/>\n<meta name=\"twitter:card\" content=\"summary_large_image\" \/>\n<meta name=\"twitter:label1\" content=\"Gesch\u00e4tzte Lesezeit\" \/>\n\t<meta name=\"twitter:data1\" content=\"1\u00a0Minute\" \/>\n<script type=\"application\/ld+json\" class=\"yoast-schema-graph\">{\"@context\":\"https:\/\/schema.org\",\"@graph\":[{\"@type\":\"WebPage\",\"@id\":\"https:\/\/psychotherapie-tadeja.at\/?page_id=101\",\"url\":\"https:\/\/psychotherapie-tadeja.at\/?page_id=101\",\"name\":\"Seminare - Tadeja Lackner-Naberznik\",\"isPartOf\":{\"@id\":\"https:\/\/psychotherapie-tadeja.at\/#website\"},\"datePublished\":\"2020-03-08T21:15:09+00:00\",\"dateModified\":\"2026-03-13T07:45:44+00:00\",\"breadcrumb\":{\"@id\":\"https:\/\/psychotherapie-tadeja.at\/?page_id=101#breadcrumb\"},\"inLanguage\":\"de\",\"potentialAction\":[{\"@type\":\"ReadAction\",\"target\":[\"https:\/\/psychotherapie-tadeja.at\/?page_id=101\"]}]},{\"@type\":\"BreadcrumbList\",\"@id\":\"https:\/\/psychotherapie-tadeja.at\/?page_id=101#breadcrumb\",\"itemListElement\":[{\"@type\":\"ListItem\",\"position\":1,\"name\":\"Home\",\"item\":\"https:\/\/psychotherapie-tadeja.at\/\"},{\"@type\":\"ListItem\",\"position\":2,\"name\":\"Seminare\"}]},{\"@type\":\"WebSite\",\"@id\":\"https:\/\/psychotherapie-tadeja.at\/#website\",\"url\":\"https:\/\/psychotherapie-tadeja.at\/\",\"name\":\"Tadeja Lackner-Naberznik\",\"description\":\"Psychotherapie und K\u00f6rpertherapie\",\"potentialAction\":[{\"@type\":\"SearchAction\",\"target\":{\"@type\":\"EntryPoint\",\"urlTemplate\":\"https:\/\/psychotherapie-tadeja.at\/?s={search_term_string}\"},\"query-input\":{\"@type\":\"PropertyValueSpecification\",\"valueRequired\":true,\"valueName\":\"search_term_string\"}}],\"inLanguage\":\"de\"}]}<\/script>\n<!-- \/ Yoast SEO plugin. -->","yoast_head_json":{"title":"Seminare - Tadeja Lackner-Naberznik","robots":{"index":"index","follow":"follow","max-snippet":"max-snippet:-1","max-image-preview":"max-image-preview:large","max-video-preview":"max-video-preview:-1"},"canonical":"https:\/\/psychotherapie-tadeja.at\/?page_id=101","og_locale":"de_DE","og_type":"article","og_title":"Seminare - Tadeja Lackner-Naberznik","og_description":"AUS TOXISCHEN VERHALTENSMUSTERN AUSSTEIGEN Sch\u00e4digende, dysfunktionale Verhaltensmuster verankern sich in unserer Psyche und unserem K\u00f6rper und pr\u00e4gen sich unserem Leibged\u00e4chtnis ein. Im Seminar lernen wir, die Signale des K\u00f6rpers wahrzunehmen und zu verstehen. \u00dcber den Atem, das Bewusstmachen unserer emotionalen und mentalen Muster und das Wahrnehmen unserer K\u00f6rperspannung k\u00f6nnen toxische Verhaltensmuster anderen und uns selbst &hellip; \u201eSeminare\u201c weiterlesen","og_url":"https:\/\/psychotherapie-tadeja.at\/?page_id=101","og_site_name":"Tadeja Lackner-Naberznik","article_modified_time":"2026-03-13T07:45:44+00:00","twitter_card":"summary_large_image","twitter_misc":{"Gesch\u00e4tzte Lesezeit":"1\u00a0Minute"},"schema":{"@context":"https:\/\/schema.org","@graph":[{"@type":"WebPage","@id":"https:\/\/psychotherapie-tadeja.at\/?page_id=101","url":"https:\/\/psychotherapie-tadeja.at\/?page_id=101","name":"Seminare - Tadeja Lackner-Naberznik","isPartOf":{"@id":"https:\/\/psychotherapie-tadeja.at\/#website"},"datePublished":"2020-03-08T21:15:09+00:00","dateModified":"2026-03-13T07:45:44+00:00","breadcrumb":{"@id":"https:\/\/psychotherapie-tadeja.at\/?page_id=101#breadcrumb"},"inLanguage":"de","potentialAction":[{"@type":"ReadAction","target":["https:\/\/psychotherapie-tadeja.at\/?page_id=101"]}]},{"@type":"BreadcrumbList","@id":"https:\/\/psychotherapie-tadeja.at\/?page_id=101#breadcrumb","itemListElement":[{"@type":"ListItem","position":1,"name":"Home","item":"https:\/\/psychotherapie-tadeja.at\/"},{"@type":"ListItem","position":2,"name":"Seminare"}]},{"@type":"WebSite","@id":"https:\/\/psychotherapie-tadeja.at\/#website","url":"https:\/\/psychotherapie-tadeja.at\/","name":"Tadeja Lackner-Naberznik","description":"Psychotherapie und K\u00f6rpertherapie","potentialAction":[{"@type":"SearchAction","target":{"@type":"EntryPoint","urlTemplate":"https:\/\/psychotherapie-tadeja.at\/?s={search_term_string}"},"query-input":{"@type":"PropertyValueSpecification","valueRequired":true,"valueName":"search_term_string"}}],"inLanguage":"de"}]}},"jetpack_sharing_enabled":true,"_links":{"self":[{"href":"https:\/\/psychotherapie-tadeja.at\/index.php?rest_route=\/wp\/v2\/pages\/101","targetHints":{"allow":["GET"]}}],"collection":[{"href":"https:\/\/psychotherapie-tadeja.at\/index.php?rest_route=\/wp\/v2\/pages"}],"about":[{"href":"https:\/\/psychotherapie-tadeja.at\/index.php?rest_route=\/wp\/v2\/types\/page"}],"author":[{"embeddable":true,"href":"https:\/\/psychotherapie-tadeja.at\/index.php?rest_route=\/wp\/v2\/users\/1"}],"replies":[{"embeddable":true,"href":"https:\/\/psychotherapie-tadeja.at\/index.php?rest_route=%2Fwp%2Fv2%2Fcomments&post=101"}],"version-history":[{"count":8,"href":"https:\/\/psychotherapie-tadeja.at\/index.php?rest_route=\/wp\/v2\/pages\/101\/revisions"}],"predecessor-version":[{"id":182,"href":"https:\/\/psychotherapie-tadeja.at\/index.php?rest_route=\/wp\/v2\/pages\/101\/revisions\/182"}],"wp:attachment":[{"href":"https:\/\/psychotherapie-tadeja.at\/index.php?rest_route=%2Fwp%2Fv2%2Fmedia&parent=101"}],"curies":[{"name":"wp","href":"https:\/\/api.w.org\/{rel}","templated":true}]}}